{"id":1325,"date":"2022-04-27T19:19:52","date_gmt":"2022-04-27T17:19:52","guid":{"rendered":"https:\/\/afbanjul.org\/art-culture\/programmation-culturelle\/"},"modified":"2025-11-09T20:53:46","modified_gmt":"2025-11-09T19:53:46","slug":"cultural-program","status":"publish","type":"page","link":"https:\/\/afbanjul.org\/en\/art-culture\/cultural-program\/","title":{"rendered":"Cultural program"},"content":{"rendered":"\n<!DOCTYPE html>\n<html lang=\"en\">\n<head>\n    <meta charset=\"UTF-8\">\n    <meta name=\"viewport\" content=\"width=device-width, initial-scale=1.0\">\n    <title>Alliance Fran\u00e7aise de Banjul<\/title>\n    <style>\n        .af-container {\n            font-family: 'Segoe UI', Tahoma, Geneva, Verdana, sans-serif;\n            line-height: 1.8;\n            color: #333;\n            margin: 0;\n            padding: 20px;\n            background-color: #fafafa;\n        }\n\n        .af-box {\n            max-width: 900px;\n            margin: 0 auto;\n            padding: 25px;\n            background-color: white;\n            border-radius: 12px;\n            box-shadow: 0 5px 25px rgba(0,0,0,0.05);\n        }\n\n        .af-section {\n            margin-bottom: 35px;\n            padding-bottom: 25px;\n            border-bottom: 1px solid #f0f0f0;\n        }\n\n        .af-section:last-child {\n            border-bottom: none;\n            margin-bottom: 0;\n            padding-bottom: 0;\n        }\n\n        .af-section p {\n            font-size: 17px;\n            margin-bottom: 20px;\n        }\n\n        .af-heading {\n            color: #005a9c;\n            font-size: 22px;\n            margin-top: 0;\n            margin-bottom: 20px;\n            font-weight: 600;\n        }\n\n        .af-highlight {\n            color: #d14124;\n            font-weight: 500;\n        }\n\n        .af-events {\n            list-style: none;\n            padding: 0;\n            margin: 25px 0;\n        }\n\n        .af-events li {\n            position: relative;\n            padding: 15px 15px 15px 35px;\n            background-color: #f9f9f9;\n            border-radius: 8px;\n            margin-bottom: 12px;\n            transition: all 0.2s ease;\n        }\n\n        .af-events li:hover {\n            background-color: #f0f7ff;\n            transform: translateX(5px);\n        }\n\n        .af-events li:before {\n            content: \"\";\n            position: absolute;\n            left: 15px;\n            top: 50%;\n            transform: translateY(-50%);\n            width: 8px;\n            height: 8px;\n            background-color: #005a9c;\n            border-radius: 50%;\n        }\n\n        .af-social {\n            display: flex;\n            flex-direction: column;\n            gap: 12px;\n            margin-top: 25px;\n        }\n\n        .af-social-link {\n            display: flex;\n            align-items: center;\n            padding: 15px;\n            text-decoration: none;\n            border-radius: 8px;\n            transition: all 0.3s ease;\n            color: #333;\n            font-weight: 500;\n        }\n\n        .af-social-link:before {\n            content: \"\";\n            display: inline-block;\n            width: 24px;\n            height: 24px;\n            margin-right: 12px;\n            background-size: contain;\n            background-repeat: no-repeat;\n            background-position: center;\n        }\n\n        .af-instagram {\n            background-color: #fef0f6;\n        }\n\n        .af-instagram:before {\n            background-image: url(\"data:image\/svg+xml,%3Csvg xmlns='http:\/\/www.w3.org\/2000\/svg' viewBox='0 0 448 512'%3E%3Cpath fill='%23E1306C' d='M224.1 141c-63.6 0-114.9 51.3-114.9 114.9s51.3 114.9 114.9 114.9S339 319.5 339 255.9 287.7 141 224.1 141zm0 189.6c-41.1 0-74.7-33.5-74.7-74.7s33.5-74.7 74.7-74.7 74.7 33.5 74.7 74.7-33.6 74.7-74.7 74.7zm146.4-194.3c0 14.9-12 26.8-26.8 26.8-14.9 0-26.8-12-26.8-26.8s12-26.8 26.8-26.8 26.8 12 26.8 26.8zm76.1 27.2c-1.7-35.9-9.9-67.7-36.2-93.9-26.2-26.2-58-34.4-93.9-36.2-37-2.1-147.9-2.1-184.9 0-35.8 1.7-67.6 9.9-93.9 36.1s-34.4 58-36.2 93.9c-2.1 37-2.1 147.9 0 184.9 1.7 35.9 9.9 67.7 36.2 93.9s58 34.4 93.9 36.2c37 2.1 147.9 2.1 184.9 0 35.9-1.7 67.7-9.9 93.9-36.2 26.2-26.2 34.4-58 36.2-93.9 2.1-37 2.1-147.8 0-184.8zM398.8 388c-7.8 19.6-22.9 34.7-42.6 42.6-29.5 11.7-99.5 9-132.1 9s-102.7 2.6-132.1-9c-19.6-7.8-34.7-22.9-42.6-42.6-11.7-29.5-9-99.5-9-132.1s-2.6-102.7 9-132.1c7.8-19.6 22.9-34.7 42.6-42.6 29.5-11.7 99.5-9 132.1-9s102.7-2.6 132.1 9c19.6 7.8 34.7 22.9 42.6 42.6 11.7 29.5 9 99.5 9 132.1s2.7 102.7-9 132.1z'\/%3E%3C\/svg%3E\");\n        }\n\n        .af-facebook {\n            background-color: #f0f4ff;\n        }\n\n        .af-facebook:before {\n            background-image: url(\"data:image\/svg+xml,%3Csvg xmlns='http:\/\/www.w3.org\/2000\/svg' viewBox='0 0 512 512'%3E%3Cpath fill='%231877F2' d='M504 256C504 119 393 8 256 8S8 119 8 256c0 123.78 90.69 226.38 209.25 245V327.69h-63V256h63v-54.64c0-62.15 37-96.48 93.67-96.48 27.14 0 55.52 4.84 55.52 4.84v61h-31.28c-30.8 0-40.41 19.12-40.41 38.73V256h68.78l-11 71.69h-57.78V501C413.31 482.38 504 379.78 504 256z'\/%3E%3C\/svg%3E\");\n        }\n\n        .af-social-link:hover {\n            transform: translateY(-3px);\n        }\n\n        .af-instagram:hover {\n            background-color: #fde2ee;\n        }\n\n        .af-facebook:hover {\n            background-color: #e2eaff;\n        }\n    <\/style>\n<\/head>\n<body>\n    <div class=\"af-container\">\n        <div class=\"af-box\">\n            <section class=\"af-section\">\n                <p>The Alliance Fran\u00e7aise de Banjul has a particular interest in culture by offering a program of events open to the public throughout the year. <span class=\"af-highlight\">Cinema, French or Francophone festivals, activities for children, live performances<\/span> \u2026 The choice is vast.<\/p>\n            <\/section>\n\n            <section class=\"af-section\">\n                <h2 class=\"af-heading\">Our regular events:<\/h2>\n                <ul class=\"af-events\">\n                    <li>2 cinema screenings per month (Thursday at 8 PM)<\/li>\n                    <li>1 activity at the media library for children (one Friday per month at 1 PM).<\/li>\n                <\/ul>\n            <\/section>\n\n            <section class=\"af-section\">\n                <h2 class=\"af-heading\">To be informed about our events, follow us also on our social networks.<\/h2>\n                <div class=\"af-social\">\n                    <a href=\"https:\/\/www.instagram.com\/af.banjul\/\" class=\"af-social-link af-instagram\">Instagram: @af.banjul<\/a>\n                    <a href=\"https:\/\/www.facebook.com\/AllianceFrancaiseBanjul\/\" class=\"af-social-link af-facebook\">Facebook: AllianceFrancaiseBanjul<\/a>\n                <\/div>\n            <\/section>\n        <\/div>\n    <\/div>\n<\/body>\n<\/html>\n","protected":false},"excerpt":{"rendered":"<p>Alliance Fran\u00e7aise de Banjul The Alliance Fran\u00e7aise de Banjul has a particular interest in culture by offering a program of events open to the public throughout the year. Cinema, French or Francophone festivals, activities for children, live performances \u2026 The choice is vast. Our regular events: 2 cinema screenings per month (Thursday at 8 PM) [&hellip;]<\/p>\n","protected":false},"author":1,"featured_media":3675,"parent":1307,"menu_order":1,"comment_status":"closed","ping_status":"closed","template":"template-planning-culturel.php","meta":{"inline_featured_image":false,"pgc_sgb_lightbox_settings":"","footnotes":""},"class_list":["post-1325","page","type-page","status-publish","has-post-thumbnail","hentry"],"yoast_head":"<!-- This site is optimized with the Yoast SEO plugin v27.2 - https:\/\/yoast.com\/product\/yoast-seo-wordpress\/ -->\n<title>Cultural program - Alliance Fran\u00e7aise de Banjul<\/title>\n<meta name=\"robots\" content=\"index, follow, max-snippet:-1, max-image-preview:large, max-video-preview:-1\" \/>\n<link rel=\"canonical\" href=\"https:\/\/afbanjul.org\/en\/art-culture\/cultural-program\/\" \/>\n<meta property=\"og:locale\" content=\"en_US\" \/>\n<meta property=\"og:type\" content=\"article\" \/>\n<meta property=\"og:title\" content=\"Cultural program - Alliance Fran\u00e7aise de Banjul\" \/>\n<meta property=\"og:description\" content=\"Alliance Fran\u00e7aise de Banjul The Alliance Fran\u00e7aise de Banjul has a particular interest in culture by offering a program of events open to the public throughout the year. Cinema, French or Francophone festivals, activities for children, live performances \u2026 The choice is vast. Our regular events: 2 cinema screenings per month (Thursday at 8 PM) [&hellip;]\" \/>\n<meta property=\"og:url\" content=\"https:\/\/afbanjul.org\/en\/art-culture\/cultural-program\/\" \/>\n<meta property=\"og:site_name\" content=\"Alliance Fran\u00e7aise de Banjul\" \/>\n<meta property=\"article:publisher\" content=\"https:\/\/www.facebook.com\/AllianceFrancaiseBanjul\" \/>\n<meta property=\"article:modified_time\" content=\"2025-11-09T19:53:46+00:00\" \/>\n<meta property=\"og:image\" content=\"https:\/\/afbanjul.org\/wp-content\/uploads\/2024\/05\/Mboka-Mboka_Lorraine-Turci_16-scaled.jpg\" \/>\n\t<meta property=\"og:image:width\" content=\"2560\" \/>\n\t<meta property=\"og:image:height\" content=\"1706\" \/>\n\t<meta property=\"og:image:type\" content=\"image\/jpeg\" \/>\n<meta name=\"twitter:card\" content=\"summary_large_image\" \/>\n<meta name=\"twitter:label1\" content=\"Est. reading time\" \/>\n\t<meta name=\"twitter:data1\" content=\"1 minute\" \/>\n<script type=\"application\/ld+json\" class=\"yoast-schema-graph\">{\"@context\":\"https:\/\/schema.org\",\"@graph\":[{\"@type\":\"WebPage\",\"@id\":\"https:\/\/afbanjul.org\/en\/art-culture\/cultural-program\/\",\"url\":\"https:\/\/afbanjul.org\/en\/art-culture\/cultural-program\/\",\"name\":\"Cultural program - Alliance Fran\u00e7aise de Banjul\",\"isPartOf\":{\"@id\":\"https:\/\/afbanjul.org\/#website\"},\"primaryImageOfPage\":{\"@id\":\"https:\/\/afbanjul.org\/en\/art-culture\/cultural-program\/#primaryimage\"},\"image\":{\"@id\":\"https:\/\/afbanjul.org\/en\/art-culture\/cultural-program\/#primaryimage\"},\"thumbnailUrl\":\"https:\/\/afbanjul.org\/wp-content\/uploads\/2024\/05\/Mboka-Mboka_Lorraine-Turci_16-scaled.jpg\",\"datePublished\":\"2022-04-27T17:19:52+00:00\",\"dateModified\":\"2025-11-09T19:53:46+00:00\",\"breadcrumb\":{\"@id\":\"https:\/\/afbanjul.org\/en\/art-culture\/cultural-program\/#breadcrumb\"},\"inLanguage\":\"en-US\",\"potentialAction\":[{\"@type\":\"ReadAction\",\"target\":[\"https:\/\/afbanjul.org\/en\/art-culture\/cultural-program\/\"]}]},{\"@type\":\"ImageObject\",\"inLanguage\":\"en-US\",\"@id\":\"https:\/\/afbanjul.org\/en\/art-culture\/cultural-program\/#primaryimage\",\"url\":\"https:\/\/afbanjul.org\/wp-content\/uploads\/2024\/05\/Mboka-Mboka_Lorraine-Turci_16-scaled.jpg\",\"contentUrl\":\"https:\/\/afbanjul.org\/wp-content\/uploads\/2024\/05\/Mboka-Mboka_Lorraine-Turci_16-scaled.jpg\",\"width\":2560,\"height\":1706},{\"@type\":\"BreadcrumbList\",\"@id\":\"https:\/\/afbanjul.org\/en\/art-culture\/cultural-program\/#breadcrumb\",\"itemListElement\":[{\"@type\":\"ListItem\",\"position\":1,\"name\":\"Home\",\"item\":\"https:\/\/afbanjul.org\/en\/\"},{\"@type\":\"ListItem\",\"position\":2,\"name\":\"Art &#038; Culture\",\"item\":\"https:\/\/afbanjul.org\/en\/art-culture\/\"},{\"@type\":\"ListItem\",\"position\":3,\"name\":\"Cultural program\"}]},{\"@type\":\"WebSite\",\"@id\":\"https:\/\/afbanjul.org\/#website\",\"url\":\"https:\/\/afbanjul.org\/\",\"name\":\"Alliance Fran\u00e7aise de Banjul\",\"description\":\"\",\"publisher\":{\"@id\":\"https:\/\/afbanjul.org\/#organization\"},\"potentialAction\":[{\"@type\":\"SearchAction\",\"target\":{\"@type\":\"EntryPoint\",\"urlTemplate\":\"https:\/\/afbanjul.org\/?s={search_term_string}\"},\"query-input\":{\"@type\":\"PropertyValueSpecification\",\"valueRequired\":true,\"valueName\":\"search_term_string\"}}],\"inLanguage\":\"en-US\"},{\"@type\":\"Organization\",\"@id\":\"https:\/\/afbanjul.org\/#organization\",\"name\":\"L'Alliance Fran\u00e7aise de Banjul - Gambie\",\"url\":\"https:\/\/afbanjul.org\/\",\"logo\":{\"@type\":\"ImageObject\",\"inLanguage\":\"en-US\",\"@id\":\"https:\/\/afbanjul.org\/#\/schema\/logo\/image\/\",\"url\":\"https:\/\/afbanjul.org\/wp-content\/uploads\/2022\/04\/logo_AF_Banjul.svg\",\"contentUrl\":\"https:\/\/afbanjul.org\/wp-content\/uploads\/2022\/04\/logo_AF_Banjul.svg\",\"width\":586,\"height\":207,\"caption\":\"L'Alliance Fran\u00e7aise de Banjul - Gambie\"},\"image\":{\"@id\":\"https:\/\/afbanjul.org\/#\/schema\/logo\/image\/\"},\"sameAs\":[\"https:\/\/www.facebook.com\/AllianceFrancaiseBanjul\",\"https:\/\/www.instagram.com\/alliancedebanjul\/\"]}]}<\/script>\n<!-- \/ Yoast SEO plugin. -->","yoast_head_json":{"title":"Cultural program - Alliance Fran\u00e7aise de Banjul","robots":{"index":"index","follow":"follow","max-snippet":"max-snippet:-1","max-image-preview":"max-image-preview:large","max-video-preview":"max-video-preview:-1"},"canonical":"https:\/\/afbanjul.org\/en\/art-culture\/cultural-program\/","og_locale":"en_US","og_type":"article","og_title":"Cultural program - Alliance Fran\u00e7aise de Banjul","og_description":"Alliance Fran\u00e7aise de Banjul The Alliance Fran\u00e7aise de Banjul has a particular interest in culture by offering a program of events open to the public throughout the year. Cinema, French or Francophone festivals, activities for children, live performances \u2026 The choice is vast. Our regular events: 2 cinema screenings per month (Thursday at 8 PM) [&hellip;]","og_url":"https:\/\/afbanjul.org\/en\/art-culture\/cultural-program\/","og_site_name":"Alliance Fran\u00e7aise de Banjul","article_publisher":"https:\/\/www.facebook.com\/AllianceFrancaiseBanjul","article_modified_time":"2025-11-09T19:53:46+00:00","og_image":[{"width":2560,"height":1706,"url":"https:\/\/afbanjul.org\/wp-content\/uploads\/2024\/05\/Mboka-Mboka_Lorraine-Turci_16-scaled.jpg","type":"image\/jpeg"}],"twitter_card":"summary_large_image","twitter_misc":{"Est. reading time":"1 minute"},"schema":{"@context":"https:\/\/schema.org","@graph":[{"@type":"WebPage","@id":"https:\/\/afbanjul.org\/en\/art-culture\/cultural-program\/","url":"https:\/\/afbanjul.org\/en\/art-culture\/cultural-program\/","name":"Cultural program - Alliance Fran\u00e7aise de Banjul","isPartOf":{"@id":"https:\/\/afbanjul.org\/#website"},"primaryImageOfPage":{"@id":"https:\/\/afbanjul.org\/en\/art-culture\/cultural-program\/#primaryimage"},"image":{"@id":"https:\/\/afbanjul.org\/en\/art-culture\/cultural-program\/#primaryimage"},"thumbnailUrl":"https:\/\/afbanjul.org\/wp-content\/uploads\/2024\/05\/Mboka-Mboka_Lorraine-Turci_16-scaled.jpg","datePublished":"2022-04-27T17:19:52+00:00","dateModified":"2025-11-09T19:53:46+00:00","breadcrumb":{"@id":"https:\/\/afbanjul.org\/en\/art-culture\/cultural-program\/#breadcrumb"},"inLanguage":"en-US","potentialAction":[{"@type":"ReadAction","target":["https:\/\/afbanjul.org\/en\/art-culture\/cultural-program\/"]}]},{"@type":"ImageObject","inLanguage":"en-US","@id":"https:\/\/afbanjul.org\/en\/art-culture\/cultural-program\/#primaryimage","url":"https:\/\/afbanjul.org\/wp-content\/uploads\/2024\/05\/Mboka-Mboka_Lorraine-Turci_16-scaled.jpg","contentUrl":"https:\/\/afbanjul.org\/wp-content\/uploads\/2024\/05\/Mboka-Mboka_Lorraine-Turci_16-scaled.jpg","width":2560,"height":1706},{"@type":"BreadcrumbList","@id":"https:\/\/afbanjul.org\/en\/art-culture\/cultural-program\/#breadcrumb","itemListElement":[{"@type":"ListItem","position":1,"name":"Home","item":"https:\/\/afbanjul.org\/en\/"},{"@type":"ListItem","position":2,"name":"Art &#038; Culture","item":"https:\/\/afbanjul.org\/en\/art-culture\/"},{"@type":"ListItem","position":3,"name":"Cultural program"}]},{"@type":"WebSite","@id":"https:\/\/afbanjul.org\/#website","url":"https:\/\/afbanjul.org\/","name":"Alliance Fran\u00e7aise de Banjul","description":"","publisher":{"@id":"https:\/\/afbanjul.org\/#organization"},"potentialAction":[{"@type":"SearchAction","target":{"@type":"EntryPoint","urlTemplate":"https:\/\/afbanjul.org\/?s={search_term_string}"},"query-input":{"@type":"PropertyValueSpecification","valueRequired":true,"valueName":"search_term_string"}}],"inLanguage":"en-US"},{"@type":"Organization","@id":"https:\/\/afbanjul.org\/#organization","name":"L'Alliance Fran\u00e7aise de Banjul - Gambie","url":"https:\/\/afbanjul.org\/","logo":{"@type":"ImageObject","inLanguage":"en-US","@id":"https:\/\/afbanjul.org\/#\/schema\/logo\/image\/","url":"https:\/\/afbanjul.org\/wp-content\/uploads\/2022\/04\/logo_AF_Banjul.svg","contentUrl":"https:\/\/afbanjul.org\/wp-content\/uploads\/2022\/04\/logo_AF_Banjul.svg","width":586,"height":207,"caption":"L'Alliance Fran\u00e7aise de Banjul - Gambie"},"image":{"@id":"https:\/\/afbanjul.org\/#\/schema\/logo\/image\/"},"sameAs":["https:\/\/www.facebook.com\/AllianceFrancaiseBanjul","https:\/\/www.instagram.com\/alliancedebanjul\/"]}]}},"_links":{"self":[{"href":"https:\/\/afbanjul.org\/en\/wp-json\/wp\/v2\/pages\/1325","targetHints":{"allow":["GET"]}}],"collection":[{"href":"https:\/\/afbanjul.org\/en\/wp-json\/wp\/v2\/pages"}],"about":[{"href":"https:\/\/afbanjul.org\/en\/wp-json\/wp\/v2\/types\/page"}],"author":[{"embeddable":true,"href":"https:\/\/afbanjul.org\/en\/wp-json\/wp\/v2\/users\/1"}],"replies":[{"embeddable":true,"href":"https:\/\/afbanjul.org\/en\/wp-json\/wp\/v2\/comments?post=1325"}],"version-history":[{"count":3,"href":"https:\/\/afbanjul.org\/en\/wp-json\/wp\/v2\/pages\/1325\/revisions"}],"predecessor-version":[{"id":6174,"href":"https:\/\/afbanjul.org\/en\/wp-json\/wp\/v2\/pages\/1325\/revisions\/6174"}],"up":[{"embeddable":true,"href":"https:\/\/afbanjul.org\/en\/wp-json\/wp\/v2\/pages\/1307"}],"wp:featuredmedia":[{"embeddable":true,"href":"https:\/\/afbanjul.org\/en\/wp-json\/wp\/v2\/media\/3675"}],"wp:attachment":[{"href":"https:\/\/afbanjul.org\/en\/wp-json\/wp\/v2\/media?parent=1325"}],"curies":[{"name":"wp","href":"https:\/\/api.w.org\/{rel}","templated":true}]}}